{"id":20347,"date":"2026-04-27T17:17:13","date_gmt":"2026-04-27T15:17:13","guid":{"rendered":"https:\/\/www.lubin.eu\/eco-conception\/"},"modified":"2026-04-27T17:26:31","modified_gmt":"2026-04-27T15:26:31","slug":"eco-conception","status":"publish","type":"page","link":"https:\/\/www.lubin.eu\/es\/eco-conception\/","title":{"rendered":"ECODISE\u00d1O"},"content":{"rendered":"<div id='av_section_1'  class='avia-section av-mohccuz9-2602f54aae6881be2cc1f9ed0e35bee9 main_color avia-section-default avia-no-border-styling  avia-builder-el-0  el_before_av_submenu  avia-builder-el-first  avia-bg-style-scroll av-minimum-height av-minimum-height-75 av-height-75  container_wrap fullsize'   data-av_minimum_height_pc='75' data-av_min_height_opt='75'><div class='container av-section-cont-open' ><main  role=\"main\" itemprop=\"mainContentOfPage\"  class='template-page content  av-content-full alpha units'><div class='post-entry post-entry-type-page post-entry-20347'><div class='entry-content-wrapper clearfix'>\n<div  class='flex_column av-3200vmb-87124f8364301fd63ebea1cba5fd56c5 av_one_fourth  avia-builder-el-1  el_before_av_one_half  avia-builder-el-first  first av-break-at-tablet flex_column_div  '     ><\/div>\n<style type=\"text\/css\" data-created_by=\"avia_inline_auto\" id=\"style-css-av-9g7ir7-e55cbf3e2869ebed05bdc92950365be9\">\n.flex_column.av-9g7ir7-e55cbf3e2869ebed05bdc92950365be9{\nborder-radius:0px 0px 0px 0px;\npadding:0px 0px 0px 0px;\n}\n<\/style>\n<div  class='flex_column av-9g7ir7-e55cbf3e2869ebed05bdc92950365be9 av_one_half  avia-builder-el-2  el_after_av_one_fourth  el_before_av_one_fourth  av-break-at-tablet flex_column_div av-zero-column-padding  '     ><p>\n<style type=\"text\/css\" data-created_by=\"avia_inline_auto\" id=\"style-css-av-mohcbtf2-2546ba4befcccf019a2cbc9e54e4d2b7\">\n#top .av-special-heading.av-mohcbtf2-2546ba4befcccf019a2cbc9e54e4d2b7{\npadding-bottom:0;\n}\nbody .av-special-heading.av-mohcbtf2-2546ba4befcccf019a2cbc9e54e4d2b7 .av-special-heading-tag .heading-char{\nfont-size:25px;\n}\n.av-special-heading.av-mohcbtf2-2546ba4befcccf019a2cbc9e54e4d2b7 .av-subheading{\nfont-size:10px;\n}\n\n@media only screen and (max-width: 479px){ \n#top #wrap_all .av-special-heading.av-mohcbtf2-2546ba4befcccf019a2cbc9e54e4d2b7 .av-special-heading-tag{\nfont-size:24px;\n}\n}\n<\/style>\n<div  class='av-special-heading av-mohcbtf2-2546ba4befcccf019a2cbc9e54e4d2b7 av-special-heading-h1 blockquote modern-quote  avia-builder-el-3  el_before_av_textblock  avia-builder-el-first  av-linked-heading'><div class='av-subheading av-subheading_above'><p>ECODISE\u00d1O<\/p>\n<\/div><h1 class='av-special-heading-tag '  itemprop=\"headline\"  >Una iniciativa ecol\u00f3gica y responsable<\/h1><div class=\"special-heading-border\"><div class=\"special-heading-inner-border\"><\/div><\/div><\/div><br \/>\n<section  class='av_textblock_section av-mohcc3e3-f448120bb22c622067ef5bacb069c800 '   itemscope=\"itemscope\" itemtype=\"https:\/\/schema.org\/CreativeWork\" ><div class='avia_textblock'  itemprop=\"text\" ><p>Aunque los productos de lujo solo representan una parte muy peque\u00f1a del consumo global de recursos de nuestro planeta, en Lubin contribuimos a reducir el impacto medioambiental de nuestra producci\u00f3n. En primer lugar, nuestras composiciones de perfumes utilizan, en la medida de lo posible, productos de origen vegetal, respetando una gesti\u00f3n responsable de los recursos naturales. Tambi\u00e9n estamos comprometidos con un proceso de simplificaci\u00f3n progresiva de los envases de nuestros perfumes, con el fin de reducir significativamente su impacto en el medio ambiente, tanto en lo que respecta al papel como a los materiales pl\u00e1sticos.<\/p>\n<\/div><\/section><\/p><\/div><div  class='flex_column av-28g9p2r-e3c95935add2db7da7829e8246e1f426 av_one_fourth  avia-builder-el-5  el_after_av_one_half  avia-builder-el-last  av-break-at-tablet flex_column_div  '     ><\/div><\/div><\/div><\/main><!-- close content main element --><\/div><\/div><div class='clear'><\/div><div id='sub_menu1'  class='av-submenu-container av-1ojbier-1a1a8c5f1135d7b7b6f85c70a55d55b3 main_color  avia-builder-el-6  el_after_av_section  avia-builder-el-last  av-sticky-submenu submenu-not-first container_wrap fullsize' style='z-index:301' ><div class='container av-menu-mobile-disabled av-submenu-pos-center'><ul id=\"menu-eshop-espagnol\" class=\"av-subnav-menu\" role=\"menu\"><li role=\"menuitem\" id=\"menu-item-9444\" class=\"menu-item menu-item-type-post_type menu-item-object-page menu-item-top-level menu-item-top-level-1\"><a href=\"https:\/\/www.lubin.eu\/es\/eshop-lubin\/lunivers-femme\/\" itemprop=\"url\" tabindex=\"0\"><span class=\"avia-bullet\"><\/span><span class=\"avia-menu-text\">El universo femenino<\/span><span class=\"avia-menu-fx\"><span class=\"avia-arrow-wrap\"><span class=\"avia-arrow\"><\/span><\/span><\/span><\/a><\/li>\n<li role=\"menuitem\" id=\"menu-item-9445\" class=\"menu-item menu-item-type-post_type menu-item-object-page menu-item-top-level menu-item-top-level-2\"><a href=\"https:\/\/www.lubin.eu\/es\/eshop-lubin\/homme\/\" itemprop=\"url\" tabindex=\"0\"><span class=\"avia-bullet\"><\/span><span class=\"avia-menu-text\">El universo masculino<\/span><span class=\"avia-menu-fx\"><span class=\"avia-arrow-wrap\"><span class=\"avia-arrow\"><\/span><\/span><\/span><\/a><\/li>\n<li role=\"menuitem\" id=\"menu-item-9446\" class=\"menu-item menu-item-type-post_type menu-item-object-page menu-item-top-level menu-item-top-level-3\"><a href=\"https:\/\/www.lubin.eu\/es\/eshop-lubin\/lunivers-mixte\/\" itemprop=\"url\" tabindex=\"0\"><span class=\"avia-bullet\"><\/span><span class=\"avia-menu-text\">El universo mixto<\/span><span class=\"avia-menu-fx\"><span class=\"avia-arrow-wrap\"><span class=\"avia-arrow\"><\/span><\/span><\/span><\/a><\/li>\n<li role=\"menuitem\" id=\"menu-item-9447\" class=\"menu-item menu-item-type-post_type menu-item-object-page menu-item-top-level menu-item-top-level-4\"><a href=\"https:\/\/www.lubin.eu\/es\/eshop-lubin\/classiques-lubin\/\" itemprop=\"url\" tabindex=\"0\"><span class=\"avia-bullet\"><\/span><span class=\"avia-menu-text\">La colecci\u00f3n CL\u00c1SICA<\/span><span class=\"avia-menu-fx\"><span class=\"avia-arrow-wrap\"><span class=\"avia-arrow\"><\/span><\/span><\/span><\/a><\/li>\n<li role=\"menuitem\" id=\"menu-item-14134\" class=\"menu-item menu-item-type-post_type menu-item-object-page menu-item-top-level menu-item-top-level-5\"><a href=\"https:\/\/www.lubin.eu\/es\/eshop-lubin\/portraits-de-femmes-lubin\/\" itemprop=\"url\" tabindex=\"0\"><span class=\"avia-bullet\"><\/span><span class=\"avia-menu-text\">Portraits de femmes<\/span><span class=\"avia-menu-fx\"><span class=\"avia-arrow-wrap\"><span class=\"avia-arrow\"><\/span><\/span><\/span><\/a><\/li>\n<li role=\"menuitem\" id=\"menu-item-9448\" class=\"menu-item menu-item-type-post_type menu-item-object-page menu-item-top-level menu-item-top-level-6\"><a href=\"https:\/\/www.lubin.eu\/es\/eshop-lubin\/evocations-lubin\/\" itemprop=\"url\" tabindex=\"0\"><span class=\"avia-bullet\"><\/span><span class=\"avia-menu-text\">La colecci\u00f3n EVOCACIONES<\/span><span class=\"avia-menu-fx\"><span class=\"avia-arrow-wrap\"><span class=\"avia-arrow\"><\/span><\/span><\/span><\/a><\/li>\n<li role=\"menuitem\" id=\"menu-item-9449\" class=\"menu-item menu-item-type-post_type menu-item-object-page menu-item-top-level menu-item-top-level-7\"><a href=\"https:\/\/www.lubin.eu\/es\/eshop-lubin\/talismania-lubin\/\" itemprop=\"url\" tabindex=\"0\"><span class=\"avia-bullet\"><\/span><span class=\"avia-menu-text\">La colecci\u00f3n TALISMAN\u00cdA<\/span><span class=\"avia-menu-fx\"><span class=\"avia-arrow-wrap\"><span class=\"avia-arrow\"><\/span><\/span><\/span><\/a><\/li>\n<li role=\"menuitem\" id=\"menu-item-10676\" class=\"menu-item menu-item-type-post_type menu-item-object-page menu-item-top-level menu-item-top-level-8\"><a href=\"https:\/\/www.lubin.eu\/es\/eshop-lubin\/tous-les-parfums\/\" itemprop=\"url\" tabindex=\"0\"><span class=\"avia-bullet\"><\/span><span class=\"avia-menu-text\">Todos los perfumes<\/span><span class=\"avia-menu-fx\"><span class=\"avia-arrow-wrap\"><span class=\"avia-arrow\"><\/span><\/span><\/span><\/a><\/li>\n<\/ul><\/div><\/div><div class='sticky_placeholder'><\/div><\/p>\n","protected":false},"excerpt":{"rendered":"","protected":false},"author":1,"featured_media":0,"parent":0,"menu_order":0,"comment_status":"closed","ping_status":"closed","template":"","meta":{"footnotes":""},"class_list":["post-20347","page","type-page","status-publish","hentry"],"yoast_head":"<!-- This site is optimized with the Yoast SEO plugin v27.4 - https:\/\/yoast.com\/product\/yoast-seo-wordpress\/ -->\n<title>ECODISE\u00d1O - Perfumes LUBIN\u00ae | Tienda online oficial | Perfumista desde 1798<\/title>\n<meta name=\"robots\" content=\"index, follow, max-snippet:-1, max-image-preview:large, max-video-preview:-1\" \/>\n<link rel=\"canonical\" href=\"https:\/\/www.lubin.eu\/es\/eco-conception\/\" \/>\n<meta property=\"og:locale\" content=\"es_ES\" \/>\n<meta property=\"og:type\" content=\"article\" \/>\n<meta property=\"og:title\" content=\"ECODISE\u00d1O - Perfumes LUBIN\u00ae | Tienda online oficial | Perfumista desde 1798\" \/>\n<meta property=\"og:url\" content=\"https:\/\/www.lubin.eu\/es\/eco-conception\/\" \/>\n<meta property=\"og:site_name\" content=\"Perfumes LUBIN\u00ae | Tienda online oficial | Perfumista desde 1798\" \/>\n<meta property=\"article:modified_time\" content=\"2026-04-27T15:26:31+00:00\" \/>\n<meta name=\"twitter:card\" content=\"summary_large_image\" \/>\n<meta name=\"twitter:label1\" content=\"Tiempo de lectura\" \/>\n\t<meta name=\"twitter:data1\" content=\"1 minuto\" \/>\n<script type=\"application\/ld+json\" class=\"yoast-schema-graph\">{\"@context\":\"https:\\\/\\\/schema.org\",\"@graph\":[{\"@type\":\"WebPage\",\"@id\":\"https:\\\/\\\/www.lubin.eu\\\/es\\\/eco-conception\\\/\",\"url\":\"https:\\\/\\\/www.lubin.eu\\\/es\\\/eco-conception\\\/\",\"name\":\"ECODISE\u00d1O - Perfumes LUBIN\u00ae | Tienda online oficial | Perfumista desde 1798\",\"isPartOf\":{\"@id\":\"https:\\\/\\\/www.lubin.eu\\\/it\\\/#website\"},\"datePublished\":\"2026-04-27T15:17:13+00:00\",\"dateModified\":\"2026-04-27T15:26:31+00:00\",\"breadcrumb\":{\"@id\":\"https:\\\/\\\/www.lubin.eu\\\/es\\\/eco-conception\\\/#breadcrumb\"},\"inLanguage\":\"es\",\"potentialAction\":[{\"@type\":\"ReadAction\",\"target\":[\"https:\\\/\\\/www.lubin.eu\\\/es\\\/eco-conception\\\/\"]}]},{\"@type\":\"BreadcrumbList\",\"@id\":\"https:\\\/\\\/www.lubin.eu\\\/es\\\/eco-conception\\\/#breadcrumb\",\"itemListElement\":[{\"@type\":\"ListItem\",\"position\":1,\"name\":\"Accueil\",\"item\":\"https:\\\/\\\/www.lubin.eu\\\/es\\\/accueil\\\/\"},{\"@type\":\"ListItem\",\"position\":2,\"name\":\"ECODISE\u00d1O\"}]},{\"@type\":\"WebSite\",\"@id\":\"https:\\\/\\\/www.lubin.eu\\\/it\\\/#website\",\"url\":\"https:\\\/\\\/www.lubin.eu\\\/it\\\/\",\"name\":\"Perfumes LUBIN\u00ae | Tienda online oficial | Perfumista desde 1798\",\"description\":\"Perfumista desde 1798\",\"publisher\":{\"@id\":\"https:\\\/\\\/www.lubin.eu\\\/it\\\/#organization\"},\"potentialAction\":[{\"@type\":\"SearchAction\",\"target\":{\"@type\":\"EntryPoint\",\"urlTemplate\":\"https:\\\/\\\/www.lubin.eu\\\/it\\\/?s={search_term_string}\"},\"query-input\":{\"@type\":\"PropertyValueSpecification\",\"valueRequired\":true,\"valueName\":\"search_term_string\"}}],\"inLanguage\":\"es\"},{\"@type\":\"Organization\",\"@id\":\"https:\\\/\\\/www.lubin.eu\\\/it\\\/#organization\",\"name\":\"Perfumes LUBIN\u00ae | Tienda online oficial | Perfumista desde 1798\",\"url\":\"https:\\\/\\\/www.lubin.eu\\\/it\\\/\",\"logo\":{\"@type\":\"ImageObject\",\"inLanguage\":\"es\",\"@id\":\"https:\\\/\\\/www.lubin.eu\\\/it\\\/#\\\/schema\\\/logo\\\/image\\\/\",\"url\":\"https:\\\/\\\/www.lubin.eu\\\/wp-content\\\/uploads\\\/2021\\\/09\\\/logo-lubin-carre.jpg\",\"contentUrl\":\"https:\\\/\\\/www.lubin.eu\\\/wp-content\\\/uploads\\\/2021\\\/09\\\/logo-lubin-carre.jpg\",\"width\":1500,\"height\":1500,\"caption\":\"Perfumes LUBIN\u00ae | Tienda online oficial | Perfumista desde 1798\"},\"image\":{\"@id\":\"https:\\\/\\\/www.lubin.eu\\\/it\\\/#\\\/schema\\\/logo\\\/image\\\/\"}}]}<\/script>\n<!-- \/ Yoast SEO plugin. -->","yoast_head_json":{"title":"ECODISE\u00d1O - Perfumes LUBIN\u00ae | Tienda online oficial | Perfumista desde 1798","robots":{"index":"index","follow":"follow","max-snippet":"max-snippet:-1","max-image-preview":"max-image-preview:large","max-video-preview":"max-video-preview:-1"},"canonical":"https:\/\/www.lubin.eu\/es\/eco-conception\/","og_locale":"es_ES","og_type":"article","og_title":"ECODISE\u00d1O - Perfumes LUBIN\u00ae | Tienda online oficial | Perfumista desde 1798","og_url":"https:\/\/www.lubin.eu\/es\/eco-conception\/","og_site_name":"Perfumes LUBIN\u00ae | Tienda online oficial | Perfumista desde 1798","article_modified_time":"2026-04-27T15:26:31+00:00","twitter_card":"summary_large_image","twitter_misc":{"Tiempo de lectura":"1 minuto"},"schema":{"@context":"https:\/\/schema.org","@graph":[{"@type":"WebPage","@id":"https:\/\/www.lubin.eu\/es\/eco-conception\/","url":"https:\/\/www.lubin.eu\/es\/eco-conception\/","name":"ECODISE\u00d1O - Perfumes LUBIN\u00ae | Tienda online oficial | Perfumista desde 1798","isPartOf":{"@id":"https:\/\/www.lubin.eu\/it\/#website"},"datePublished":"2026-04-27T15:17:13+00:00","dateModified":"2026-04-27T15:26:31+00:00","breadcrumb":{"@id":"https:\/\/www.lubin.eu\/es\/eco-conception\/#breadcrumb"},"inLanguage":"es","potentialAction":[{"@type":"ReadAction","target":["https:\/\/www.lubin.eu\/es\/eco-conception\/"]}]},{"@type":"BreadcrumbList","@id":"https:\/\/www.lubin.eu\/es\/eco-conception\/#breadcrumb","itemListElement":[{"@type":"ListItem","position":1,"name":"Accueil","item":"https:\/\/www.lubin.eu\/es\/accueil\/"},{"@type":"ListItem","position":2,"name":"ECODISE\u00d1O"}]},{"@type":"WebSite","@id":"https:\/\/www.lubin.eu\/it\/#website","url":"https:\/\/www.lubin.eu\/it\/","name":"Perfumes LUBIN\u00ae | Tienda online oficial | Perfumista desde 1798","description":"Perfumista desde 1798","publisher":{"@id":"https:\/\/www.lubin.eu\/it\/#organization"},"potentialAction":[{"@type":"SearchAction","target":{"@type":"EntryPoint","urlTemplate":"https:\/\/www.lubin.eu\/it\/?s={search_term_string}"},"query-input":{"@type":"PropertyValueSpecification","valueRequired":true,"valueName":"search_term_string"}}],"inLanguage":"es"},{"@type":"Organization","@id":"https:\/\/www.lubin.eu\/it\/#organization","name":"Perfumes LUBIN\u00ae | Tienda online oficial | Perfumista desde 1798","url":"https:\/\/www.lubin.eu\/it\/","logo":{"@type":"ImageObject","inLanguage":"es","@id":"https:\/\/www.lubin.eu\/it\/#\/schema\/logo\/image\/","url":"https:\/\/www.lubin.eu\/wp-content\/uploads\/2021\/09\/logo-lubin-carre.jpg","contentUrl":"https:\/\/www.lubin.eu\/wp-content\/uploads\/2021\/09\/logo-lubin-carre.jpg","width":1500,"height":1500,"caption":"Perfumes LUBIN\u00ae | Tienda online oficial | Perfumista desde 1798"},"image":{"@id":"https:\/\/www.lubin.eu\/it\/#\/schema\/logo\/image\/"}}]}},"_links":{"self":[{"href":"https:\/\/www.lubin.eu\/es\/wp-json\/wp\/v2\/pages\/20347","targetHints":{"allow":["GET"]}}],"collection":[{"href":"https:\/\/www.lubin.eu\/es\/wp-json\/wp\/v2\/pages"}],"about":[{"href":"https:\/\/www.lubin.eu\/es\/wp-json\/wp\/v2\/types\/page"}],"author":[{"embeddable":true,"href":"https:\/\/www.lubin.eu\/es\/wp-json\/wp\/v2\/users\/1"}],"replies":[{"embeddable":true,"href":"https:\/\/www.lubin.eu\/es\/wp-json\/wp\/v2\/comments?post=20347"}],"version-history":[{"count":3,"href":"https:\/\/www.lubin.eu\/es\/wp-json\/wp\/v2\/pages\/20347\/revisions"}],"predecessor-version":[{"id":20363,"href":"https:\/\/www.lubin.eu\/es\/wp-json\/wp\/v2\/pages\/20347\/revisions\/20363"}],"wp:attachment":[{"href":"https:\/\/www.lubin.eu\/es\/wp-json\/wp\/v2\/media?parent=20347"}],"curies":[{"name":"wp","href":"https:\/\/api.w.org\/{rel}","templated":true}]}}